{"id":1833,"date":"2025-04-28T11:49:24","date_gmt":"2025-04-28T11:49:24","guid":{"rendered":"https:\/\/cubexag.com\/impressum\/"},"modified":"2026-04-23T10:21:44","modified_gmt":"2026-04-23T10:21:44","slug":"impressum","status":"publish","type":"page","link":"https:\/\/cubexag.com\/pl\/impressum\/","title":{"rendered":"Impressum"},"content":{"rendered":"\t\t<div data-elementor-type=\"wp-page\" data-elementor-id=\"1833\" class=\"elementor elementor-1833 elementor-449\" data-elementor-post-type=\"page\">\n\t\t\t\t\t\t<section class=\"elementor-section elementor-top-section elementor-element elementor-element-f1886ae elementor-section-full_width elementor-section-height-default elementor-section-height-default\" data-id=\"f1886ae\" data-element_type=\"section\" data-e-type=\"section\">\n\t\t\t\t\t\t<div class=\"elementor-container elementor-column-gap-default\">\n\t\t\t\t\t<div class=\"elementor-column elementor-col-100 elementor-top-column elementor-element elementor-element-524c4e6\" data-id=\"524c4e6\" data-element_type=\"column\" data-e-type=\"column\">\n\t\t\t<div class=\"elementor-widget-wrap elementor-element-populated\">\n\t\t\t\t\t\t<div class=\"elementor-element elementor-element-792b88e elementor-widget elementor-widget-text-editor\" data-id=\"792b88e\" data-element_type=\"widget\" data-e-type=\"widget\" data-widget_type=\"text-editor.default\">\n\t\t\t\t<div class=\"elementor-widget-container\">\n\t\t\t\t\t\t\t\t\t<h1>Impressum (Nota prawna)<\/h1><p>CUBEX\u00a0 AG<br \/>Hirschmattstrasse 13<br \/>CH-6003 Luzern<\/p><p><strong>Reprezentowana przez Zarz\u0105d \/ Rad\u0119 Dyrektor\u00f3w:<\/strong><br \/>Torsten Graf (President)<br \/>Michael Holb\u00f6ck<br \/>Sebastian Nitsch<\/p><h2>Kontakt<\/h2><p>Telefon: <a style=\"color: black; text-decoration: none;\" href=\"tel:+41 415 896962\">+41 415 896962<\/a><br \/>Email: <a style=\"text-decoration: none; color: black;\" href=\"mailto:info@cubexag.com\">info@cubexag.com<\/a><\/p><h2>Post\u0119powanie w sprawie rozstrzygania spor\u00f3w przed komisj\u0105 arbitra\u017cow\u0105 ds. konsument\u00f3w<\/h2><p>Nie jeste\u015bmy sk\u0142onni ani zobowi\u0105zani do udzia\u0142u w post\u0119powaniach dotycz\u0105cych rozstrzygania spor\u00f3w przed komisj\u0105 arbitra\u017cow\u0105 ds. konsument\u00f3w.<\/p>\t\t\t\t\t\t\t\t<\/div>\n\t\t\t\t<\/div>\n\t\t\t\t<div class=\"elementor-element elementor-element-94545e6 elementor-hidden-desktop elementor-hidden-tablet elementor-hidden-mobile elementor-widget elementor-widget-html\" data-id=\"94545e6\" data-element_type=\"widget\" data-e-type=\"widget\" data-widget_type=\"html.default\">\n\t\t\t\t<div class=\"elementor-widget-container\">\n\t\t\t\t\t<h1>Impressum<\/h1>\n<p>CUBEX+AG<br \/>\nHirschmattstrasse 13<BR>6003 Luzern<br \/>\n<\/p>\n\n<p><strong>Vertreten durch:<\/strong><br \/>\nSebastian Nitsch<br \/>\nMichael Holb\u00f6ck<\/p>\n<p><strong>Vorsitzender des Aufsichtsrats:<\/strong><br \/>\nTorsten Graf<\/p>\n<h2>Kontakt<\/h2>\n<p>Telefon:  +41 415 896962 <br>\nE-Mail: info@cubexag.com<\/p>\n<h2>Verbraucher&shy;streit&shy;beilegung\/Universal&shy;schlichtungs&shy;stelle<\/h2>\n<p>Wir sind nicht bereit oder verpflichtet, an Streitbeilegungsverfahren vor einer Verbraucherschlichtungsstelle teilzunehmen.<\/p>\t\t\t\t<\/div>\n\t\t\t\t<\/div>\n\t\t\t\t\t<\/div>\n\t\t<\/div>\n\t\t\t\t\t<\/div>\n\t\t<\/section>\n\t\t\t\t<\/div>\n\t\t","protected":false},"excerpt":{"rendered":"<p>Impressum (Nota prawna) CUBEX\u00a0 AGHirschmattstrasse 13CH-6003 Luzern Reprezentowana przez Zarz\u0105d \/ Rad\u0119 Dyrektor\u00f3w:Torsten Graf (President)Michael Holb\u00f6ckSebastian Nitsch Kontakt Telefon: +41 [&hellip;]<\/p>\n","protected":false},"author":1,"featured_media":0,"parent":0,"menu_order":0,"comment_status":"closed","ping_status":"closed","template":"","meta":{"site-sidebar-layout":"no-sidebar","site-content-layout":"","ast-site-content-layout":"full-width-container","site-content-style":"default","site-sidebar-style":"default","ast-global-header-display":"","ast-banner-title-visibility":"","ast-main-header-display":"","ast-hfb-above-header-display":"","ast-hfb-below-header-display":"","ast-hfb-mobile-header-display":"","site-post-title":"disabled","ast-breadcrumbs-content":"","ast-featured-img":"disabled","footer-sml-layout":"","theme-transparent-header-meta":"","adv-header-id-meta":"","stick-header-meta":"","header-above-stick-meta":"","header-main-stick-meta":"","header-below-stick-meta":"","astra-migrate-meta-layouts":"default","ast-page-background-enabled":"default","ast-page-background-meta":{"desktop":{"background-color":"var(--ast-global-color-5)","background-image":"","background-repeat":"repeat","background-position":"center center","background-size":"auto","background-attachment":"scroll","background-type":"","background-media":"","overlay-type":"","overlay-color":"","overlay-opacity":"","overlay-gradient":""},"tablet":{"background-color":"","background-image":"","background-repeat":"repeat","background-position":"center center","background-size":"auto","background-attachment":"scroll","background-type":"","background-media":"","overlay-type":"","overlay-color":"","overlay-opacity":"","overlay-gradient":""},"mobile":{"background-color":"","background-image":"","background-repeat":"repeat","background-position":"center center","background-size":"auto","background-attachment":"scroll","background-type":"","background-media":"","overlay-type":"","overlay-color":"","overlay-opacity":"","overlay-gradient":""}},"ast-content-background-meta":{"desktop":{"background-color":"var(--ast-global-color-4)","background-image":"","background-repeat":"repeat","background-position":"center center","background-size":"auto","background-attachment":"scroll","background-type":"","background-media":"","overlay-type":"","overlay-color":"","overlay-opacity":"","overlay-gradient":""},"tablet":{"background-color":"var(--ast-global-color-4)","background-image":"","background-repeat":"repeat","background-position":"center center","background-size":"auto","background-attachment":"scroll","background-type":"","background-media":"","overlay-type":"","overlay-color":"","overlay-opacity":"","overlay-gradient":""},"mobile":{"background-color":"var(--ast-global-color-4)","background-image":"","background-repeat":"repeat","background-position":"center center","background-size":"auto","background-attachment":"scroll","background-type":"","background-media":"","overlay-type":"","overlay-color":"","overlay-opacity":"","overlay-gradient":""}},"footnotes":""},"class_list":["post-1833","page","type-page","status-publish","hentry"],"_links":{"self":[{"href":"https:\/\/cubexag.com\/pl\/wp-json\/wp\/v2\/pages\/1833","targetHints":{"allow":["GET"]}}],"collection":[{"href":"https:\/\/cubexag.com\/pl\/wp-json\/wp\/v2\/pages"}],"about":[{"href":"https:\/\/cubexag.com\/pl\/wp-json\/wp\/v2\/types\/page"}],"author":[{"embeddable":true,"href":"https:\/\/cubexag.com\/pl\/wp-json\/wp\/v2\/users\/1"}],"replies":[{"embeddable":true,"href":"https:\/\/cubexag.com\/pl\/wp-json\/wp\/v2\/comments?post=1833"}],"version-history":[{"count":3,"href":"https:\/\/cubexag.com\/pl\/wp-json\/wp\/v2\/pages\/1833\/revisions"}],"predecessor-version":[{"id":1836,"href":"https:\/\/cubexag.com\/pl\/wp-json\/wp\/v2\/pages\/1833\/revisions\/1836"}],"wp:attachment":[{"href":"https:\/\/cubexag.com\/pl\/wp-json\/wp\/v2\/media?parent=1833"}],"curies":[{"name":"wp","href":"https:\/\/api.w.org\/{rel}","templated":true}]}}